{"id":24370,"date":"2022-09-21T10:35:43","date_gmt":"2022-09-21T08:35:43","guid":{"rendered":"https:\/\/www.adictiz.com\/blog\/"},"modified":"2026-04-30T13:57:42","modified_gmt":"2026-04-30T11:57:42","slug":"blog","status":"publish","type":"page","link":"https:\/\/www.adictiz.com\/es\/blog\/","title":{"rendered":"Blog"},"content":{"rendered":"<p>[et_pb_section fb_built=\u00bb1&#8243; admin_label=\u00bbSection\u00bb _builder_version=\u00bb4.27.4&#8243; _module_preset=\u00bbdefault\u00bb background_color=\u00bb#0092ff\u00bb use_background_color_gradient=\u00bbon\u00bb background_color_gradient_stops=\u00bb#ecf1ff 0%|#ffffff 99%\u00bb background_enable_image=\u00bboff\u00bb background_size=\u00bbinitial\u00bb background_position=\u00bbtop_left\u00bb background_horizontal_offset=\u00bb43%\u00bb background_vertical_offset=\u00bb25%\u00bb background_pattern_horizontal_offset=\u00bb-100%\u00bb background_pattern_vertical_offset=\u00bb36%\u00bb custom_margin=\u00bb-100px||||false|false\u00bb custom_padding=\u00bb130px||0px||false|false\u00bb bottom_divider_color=\u00bbRGBA(255,255,255,0)\u00bb bottom_divider_height=\u00bb0px\u00bb background_color_phone=\u00bb#FFFFFF\u00bb background_last_edited=\u00bbon|phone\u00bb background_enable_color_phone=\u00bbon\u00bb use_background_color_gradient_phone=\u00bboff\u00bb border_color_all=\u00bbRGBA(255,255,255,0)\u00bb saved_tabs=\u00bball\u00bb locked=\u00bboff\u00bb global_colors_info=\u00bb{}\u00bb][et_pb_row _builder_version=\u00bb4.27.4&#8243; _module_preset=\u00bbdefault\u00bb custom_margin=\u00bb10px||0px||false|false\u00bb custom_padding=\u00bb0px||0px||false|false\u00bb global_colors_info=\u00bb{}\u00bb][et_pb_column type=\u00bb4_4&#8243; _builder_version=\u00bb4.19.4&#8243; _module_preset=\u00bbdefault\u00bb global_colors_info=\u00bb{}\u00bb][dipi_dual_heading first_heading=\u00bbBlog\u00bb heading_tag=\u00bbh1&#8243; heading_display=\u00bbcolumn\u00bb first_heading_use_color_gradient=\u00bbon\u00bb first_heading_color_gradient_direction=\u00bb105deg\u00bb first_heading_color_gradient_stops=\u00bb#008af9 0%|#6479e7 35%|#ef83dd 75%\u00bb first_heading_enable_image=\u00bboff\u00bb fh_padding=\u00bb0px|0px|12px|0px|false|false\u00bb sh_padding=\u00bb0px|0px|10px|10px|false|false\u00bb heading_display_tablet=\u00bb\u00bb heading_display_phone=\u00bbcolumn\u00bb heading_display_last_edited=\u00bbon|phone\u00bb sh_padding_tablet=\u00bb\u00bb sh_padding_phone=\u00bb\u00bb sh_padding_last_edited=\u00bbon|phone\u00bb disabled_on=\u00bboff|off|off\u00bb _builder_version=\u00bb4.27.4&#8243; _module_preset=\u00bbdefault\u00bb first_heading_font=\u00bb&#8211;et_global_body_font|700|||||||\u00bb first_heading_text_color=\u00bb#15022A\u00bb first_heading_font_size=\u00bb45px\u00bb first_heading_line_height=\u00bb0.9em\u00bb second_heading_font=\u00bb&#8211;et_global_body_font|700|||||||\u00bb second_heading_font_size=\u00bb45px\u00bb second_heading_line_height=\u00bb1em\u00bb background_text_font=\u00bb&#8211;et_global_body_font||||||||\u00bb background_text_font_size=\u00bb40px\u00bb width_tablet=\u00bb\u00bb width_phone=\u00bb\u00bb width_last_edited=\u00bbon|phone\u00bb max_width=\u00bb100%\u00bb max_width_tablet=\u00bb100%\u00bb max_width_phone=\u00bb100%\u00bb max_width_last_edited=\u00bbon|phone\u00bb custom_margin=\u00bb30px||0px||false|false\u00bb custom_margin_tablet=\u00bb||20px||false|false\u00bb custom_margin_phone=\u00bb0px|0px|20px|0px|false|false\u00bb custom_margin_last_edited=\u00bbon|phone\u00bb custom_padding=\u00bb||||false|false\u00bb custom_padding_tablet=\u00bb||||false|false\u00bb custom_padding_phone=\u00bb0px|20px||20px|false|false\u00bb custom_padding_last_edited=\u00bbon|phone\u00bb first_heading_font_size_tablet=\u00bb60px\u00bb first_heading_font_size_phone=\u00bb50px\u00bb first_heading_font_size_last_edited=\u00bbon|phone\u00bb second_heading_font_size_tablet=\u00bb60px\u00bb second_heading_font_size_phone=\u00bb50px\u00bb second_heading_font_size_last_edited=\u00bbon|phone\u00bb module_alignment_tablet=\u00bb\u00bb module_alignment_phone=\u00bbcenter\u00bb module_alignment_last_edited=\u00bbon|phone\u00bb locked=\u00bboff\u00bb global_colors_info=\u00bb{}\u00bb overlay_bg_color_gradient_type_tablet=\u00bblinear\u00bb overlay_bg_color_gradient_type_phone=\u00bblinear\u00bb overlay_bg_color_gradient_type__hover=\u00bblinear\u00bb image_bg_color_gradient_type__hover=\u00bblinear\u00bb][\/dipi_dual_heading][et_pb_text content_tablet=\u00bb<\/p>\n<h2><span>Nuestra selecci\u00f3n de art\u00edculos para reforzar<br \/>su <strong>estrategia de marketing<\/strong>.<\/span><\/h2>\n<p>\u00bb content_phone=\u00bb<\/p>\n<h2><span>Nuestra selecci\u00f3n de art\u00edculos para reforzar<\/span> <span>su <strong>estrategia de marketing.<\/strong><\/span><\/h2>\n<p>\u00bb content_last_edited=\u00bbon|desktop\u00bb _builder_version=\u00bb4.27.4&#8243; _module_preset=\u00bbdefault\u00bb text_font=\u00bbMontserrat|300|||||||\u00bb text_text_color=\u00bb#FFFFFF\u00bb text_font_size=\u00bb28px\u00bb header_text_color=\u00bb#FFFFFF\u00bb header_2_font=\u00bb|300|||||||\u00bb header_2_text_color=\u00bb#FFFFFF\u00bb header_2_font_size=\u00bb22px\u00bb text_orientation=\u00bbcenter\u00bb custom_margin=\u00bb0px||0px||false|false\u00bb custom_padding=\u00bb0px||0px||false|false\u00bb global_colors_info=\u00bb{}\u00bb]<\/p>\n<h2><span style=\"color: #000000\">Nuestra selecci\u00f3n de art\u00edculos para reforzar<br \/>su <strong>estrategia de marketing<\/strong>.<\/span><\/h2>\n<p>[\/et_pb_text][\/et_pb_column][\/et_pb_row][et_pb_row _builder_version=\u00bb4.27.4&#8243; _module_preset=\u00bbdefault\u00bb custom_margin=\u00bb||0px||false|false\u00bb custom_padding=\u00bb||0px||false|false\u00bb global_colors_info=\u00bb{}\u00bb][et_pb_column type=\u00bb4_4&#8243; _builder_version=\u00bb4.27.4&#8243; _module_preset=\u00bbdefault\u00bb global_colors_info=\u00bb{}\u00bb][et_pb_search placeholder=\u00bbBuscar un art\u00edculo\u00bb button_color=\u00bb#000000&#8243; placeholder_color=\u00bb#000000&#8243; _builder_version=\u00bb4.27.4&#8243; _module_preset=\u00bbdefault\u00bb form_field_background_color=\u00bb#FFFFFF\u00bb form_field_text_color=\u00bb#000000&#8243; form_field_focus_background_color=\u00bb#FFFFFF\u00bb form_field_focus_text_color=\u00bb#F2F5FF\u00bb button_font=\u00bb|700|||||||\u00bb button_text_color=\u00bb#FFFFFF\u00bb button_font_size=\u00bb16px\u00bb form_field_font=\u00bb||||||||\u00bb form_field_font_size=\u00bb16px\u00bb width=\u00bb50%\u00bb width_tablet=\u00bb50%\u00bb width_phone=\u00bb100%\u00bb width_last_edited=\u00bbon|phone\u00bb max_width=\u00bb100%\u00bb module_alignment=\u00bbcenter\u00bb custom_margin=\u00bb1em||1em||false|false\u00bb custom_padding=\u00bb0em|0em|0em|1em|false|false\u00bb border_radii=\u00bbon|510px|510px|510px|510px\u00bb border_color_all=\u00bb#000000&#8243; global_colors_info=\u00bb{}\u00bb][\/et_pb_search][\/et_pb_column][\/et_pb_row][\/et_pb_section][et_pb_section fb_built=\u00bb1&#8243; _builder_version=\u00bb4.27.4&#8243; _module_preset=\u00bbdefault\u00bb background_color=\u00bb#FFFFFF\u00bb custom_margin=\u00bb-9px|0px|0px|0px|false|false\u00bb custom_margin_tablet=\u00bb||0px||false|false\u00bb custom_margin_phone=\u00bb||0px||false|false\u00bb custom_margin_last_edited=\u00bbon|phone\u00bb custom_padding=\u00bb0px|0px|0px|0px|false|false\u00bb global_colors_info=\u00bb{}\u00bb][et_pb_row _builder_version=\u00bb4.27.4&#8243; _module_preset=\u00bbdefault\u00bb width=\u00bb90%\u00bb custom_padding=\u00bb0px|0px||0px|false|false\u00bb global_colors_info=\u00bb{}\u00bb][et_pb_column type=\u00bb4_4&#8243; _builder_version=\u00bb4.25.2&#8243; _module_preset=\u00bbdefault\u00bb global_colors_info=\u00bb{}\u00bb][dipi_filterable_grid select_custom_tax=\u00bbcategory\u00bb include_term_ids_of_category=\u00bb81,141,23,43,25,96&#8243; pagination_type=\u00bbnumbered_pagination\u00bb posts_per_page=\u00bb21&#8243; filter_tab_alignment=\u00bbcenter\u00bb all_filter_label=\u00bbTodo\u00bb hide_description=\u00bbon\u00bb grid_layout=\u00bbgrid\u00bb columns=\u00bb3&#8243; row_height=\u00bb210px\u00bb gutter=\u00bb32&#8243; image_animation=\u00bbzoom-in\u00bb show_post_title=\u00bbon\u00bb use_post_link=\u00bbon\u00bb post_link_target=\u00bb_self\u00bb pagination_btn_bg_color=\u00bbRGBA(255,255,255,0)\u00bb pagination_active_btn_bg_color=\u00bb#0092FF\u00bb filter_bar_margin=\u00bb0px|0px|30px|0px|false|false\u00bb filter_bar_padding=\u00bb0px|0px|15px|0px|false|false\u00bb filter_bar_background_color=\u00bbRGBA(255,255,255,0)\u00bb overlay_padding=\u00bb30px|30px|30px|30px|false|false\u00bb filter_bar_item_padding=\u00bb5px|2px|5px|2px|false|false\u00bb filter_bar_item_background_color_active=\u00bb#ECF1FF\u00bb grid_item_background_color=\u00bb#F2F5FF\u00bb grid_item_title_margin=\u00bb15px|10px|15px|10px|false|false\u00bb columns_tablet=\u00bb3&#8243; columns_phone=\u00bb1&#8243; columns_last_edited=\u00bbon|phone\u00bb disabled_on=\u00bboff|off|off\u00bb _builder_version=\u00bb4.27.4&#8243; _module_preset=\u00bbdefault\u00bb filter_bar_normal_font_size=\u00bb15px\u00bb filter_bar_normal_line_height=\u00bb1em\u00bb filter_bar_active_text_align=\u00bbleft\u00bb filter_bar_active_text_color=\u00bb#000000&#8243; filter_bar_active_font_size=\u00bb15px\u00bb filter_bar_active_line_height=\u00bb1em\u00bb grid_item_title_font=\u00bb|600|||||||\u00bb grid_item_title_text_align=\u00bbcenter\u00bb grid_item_title_text_color=\u00bb#000000&#8243; grid_item_title_font_size=\u00bb15px\u00bb custom_margin=\u00bb30px||40px||false|false\u00bb custom_padding=\u00bb0px||||false|false\u00bb hover_enabled=\u00bb0&#8243; border_color_all=\u00bbRGBA(255,255,255,0)\u00bb border_color_all_filter_bar=\u00bbRGBA(255,255,255,0)\u00bb border_radii_filter_bar_item_active=\u00bbon|504px|504px|504px|504px\u00bb border_radii_grid_item=\u00bbon|10px|10px|10px|10px\u00bb border_width_all_grid_item=\u00bb2px\u00bb border_color_all_grid_item=\u00bb#F2F5FF\u00bb global_colors_info=\u00bb{}\u00bb sticky_enabled=\u00bb0&#8243;][\/dipi_filterable_grid][\/et_pb_column][\/et_pb_row][\/et_pb_section]<\/p>\n","protected":false},"excerpt":{"rendered":"<div class=\"et_pb_module dipi_dual_heading dipi_dual_heading_0\">\n\t\t\t\t\n\t\t\t\t\n\t\t\t\t\n\t\t\t\t\n\t\t\t\t\n\t\t\t\t\n\t\t\t\t<div class=\"et_pb_module_inner\">\n\t\t\t\t\t\n                <div class=\"dipi-dual-heading \">\n                    <\u00bbh1&#8243; class=\"dipi-dh-main\">\n                        <span class=\"dipi-dh-first-heading\">\n                            <span class=\"dipi-dh-animation-container\">\n                                <span class=\"dipi-dh-bg-container\">\n                                    \u00bbBlog\u00bb\n                                <\/span>\n                            <\/span>\n                        <\/span>\n                        <span class=\"dipi-dh-second-heading\">\n                            <span class=\"dipi-dh-animation-container\">\n                                <span class=\"dipi-dh-bg-container\">\n                                    \n                                <\/span>\n                            <\/span>\n                        <\/span>\n                    <\/\u00bbh1&#8243;>\n                <\/div>\n\t\t\t\t<\/div>\n\t\t\t<\/div>\n","protected":false},"author":4,"featured_media":0,"parent":0,"menu_order":0,"comment_status":"closed","ping_status":"closed","template":"","meta":{"_et_pb_use_builder":"on","_et_pb_old_content":"","_et_gb_content_width":"","footnotes":""},"dipi_cpt_category":[],"class_list":["post-24370","page","type-page","status-publish","hentry"],"yoast_head":"<!-- This site is optimized with the Yoast SEO plugin v27.4 - https:\/\/yoast.com\/product\/yoast-seo-wordpress\/ -->\n<title>El blog de marketing, gamificaci\u00f3n y recopilaci\u00f3n de datos | Adictiz<\/title>\n<meta name=\"description\" content=\"Descubra nuestra selecci\u00f3n de art\u00edculos de blogs de marketing para reforzar su estrategia, atraer a su p\u00fablico y recopilar y activar datos.\" \/>\n<meta name=\"robots\" content=\"index, follow, max-snippet:-1, max-image-preview:large, max-video-preview:-1\" \/>\n<link rel=\"canonical\" href=\"https:\/\/www.adictiz.com\/es\/blog\/\" \/>\n<meta property=\"og:locale\" content=\"es_ES\" \/>\n<meta property=\"og:type\" content=\"article\" \/>\n<meta property=\"og:title\" content=\"El blog de marketing, gamificaci\u00f3n y recopilaci\u00f3n de datos | Adictiz\" \/>\n<meta property=\"og:description\" content=\"Descubra nuestra selecci\u00f3n de art\u00edculos de blogs de marketing para reforzar su estrategia, atraer a su p\u00fablico y recopilar y activar datos.\" \/>\n<meta property=\"og:url\" content=\"https:\/\/www.adictiz.com\/es\/blog\/\" \/>\n<meta property=\"og:site_name\" content=\"Adictiz\" \/>\n<meta property=\"article:modified_time\" content=\"2026-04-30T11:57:42+00:00\" \/>\n<meta name=\"twitter:card\" content=\"summary_large_image\" \/>\n<meta name=\"twitter:label1\" content=\"Tiempo de lectura\" \/>\n\t<meta name=\"twitter:data1\" content=\"5 minutos\" \/>\n<script type=\"application\/ld+json\" class=\"yoast-schema-graph\">{\"@context\":\"https:\\\/\\\/schema.org\",\"@graph\":[{\"@type\":\"WebPage\",\"@id\":\"https:\\\/\\\/www.adictiz.com\\\/es\\\/blog\\\/\",\"url\":\"https:\\\/\\\/www.adictiz.com\\\/es\\\/blog\\\/\",\"name\":\"El blog de marketing, gamificaci\u00f3n y recopilaci\u00f3n de datos | Adictiz\",\"isPartOf\":{\"@id\":\"https:\\\/\\\/www.adictiz.com\\\/es\\\/#website\"},\"datePublished\":\"2022-09-21T08:35:43+00:00\",\"dateModified\":\"2026-04-30T11:57:42+00:00\",\"description\":\"Descubra nuestra selecci\u00f3n de art\u00edculos de blogs de marketing para reforzar su estrategia, atraer a su p\u00fablico y recopilar y activar datos.\",\"breadcrumb\":{\"@id\":\"https:\\\/\\\/www.adictiz.com\\\/es\\\/blog\\\/#breadcrumb\"},\"inLanguage\":\"es\",\"potentialAction\":[{\"@type\":\"ReadAction\",\"target\":[\"https:\\\/\\\/www.adictiz.com\\\/es\\\/blog\\\/\"]}]},{\"@type\":\"BreadcrumbList\",\"@id\":\"https:\\\/\\\/www.adictiz.com\\\/es\\\/blog\\\/#breadcrumb\",\"itemListElement\":[{\"@type\":\"ListItem\",\"position\":1,\"name\":\"Accueil\",\"item\":\"https:\\\/\\\/www.adictiz.com\\\/es\\\/\"},{\"@type\":\"ListItem\",\"position\":2,\"name\":\"Blog\"}]},{\"@type\":\"WebSite\",\"@id\":\"https:\\\/\\\/www.adictiz.com\\\/es\\\/#website\",\"url\":\"https:\\\/\\\/www.adictiz.com\\\/es\\\/\",\"name\":\"Adictiz\",\"description\":\"Create fun games, collect serious data.\",\"publisher\":{\"@id\":\"https:\\\/\\\/www.adictiz.com\\\/es\\\/#organization\"},\"potentialAction\":[{\"@type\":\"SearchAction\",\"target\":{\"@type\":\"EntryPoint\",\"urlTemplate\":\"https:\\\/\\\/www.adictiz.com\\\/es\\\/?s={search_term_string}\"},\"query-input\":{\"@type\":\"PropertyValueSpecification\",\"valueRequired\":true,\"valueName\":\"search_term_string\"}}],\"inLanguage\":\"es\"},{\"@type\":\"Organization\",\"@id\":\"https:\\\/\\\/www.adictiz.com\\\/es\\\/#organization\",\"name\":\"Adictiz\",\"url\":\"https:\\\/\\\/www.adictiz.com\\\/es\\\/\",\"logo\":{\"@type\":\"ImageObject\",\"inLanguage\":\"es\",\"@id\":\"https:\\\/\\\/www.adictiz.com\\\/es\\\/#\\\/schema\\\/logo\\\/image\\\/\",\"url\":\"https:\\\/\\\/www.adictiz.com\\\/wp-content\\\/uploads\\\/2023\\\/04\\\/Logo-adictiz-696.webp\",\"contentUrl\":\"https:\\\/\\\/www.adictiz.com\\\/wp-content\\\/uploads\\\/2023\\\/04\\\/Logo-adictiz-696.webp\",\"width\":696,\"height\":696,\"caption\":\"Adictiz\"},\"image\":{\"@id\":\"https:\\\/\\\/www.adictiz.com\\\/es\\\/#\\\/schema\\\/logo\\\/image\\\/\"},\"sameAs\":[\"https:\\\/\\\/www.linkedin.com\\\/company\\\/adictiz\\\/\"]}]}<\/script>\n<!-- \/ Yoast SEO plugin. -->","yoast_head_json":{"title":"El blog de marketing, gamificaci\u00f3n y recopilaci\u00f3n de datos | Adictiz","description":"Descubra nuestra selecci\u00f3n de art\u00edculos de blogs de marketing para reforzar su estrategia, atraer a su p\u00fablico y recopilar y activar datos.","robots":{"index":"index","follow":"follow","max-snippet":"max-snippet:-1","max-image-preview":"max-image-preview:large","max-video-preview":"max-video-preview:-1"},"canonical":"https:\/\/www.adictiz.com\/es\/blog\/","og_locale":"es_ES","og_type":"article","og_title":"El blog de marketing, gamificaci\u00f3n y recopilaci\u00f3n de datos | Adictiz","og_description":"Descubra nuestra selecci\u00f3n de art\u00edculos de blogs de marketing para reforzar su estrategia, atraer a su p\u00fablico y recopilar y activar datos.","og_url":"https:\/\/www.adictiz.com\/es\/blog\/","og_site_name":"Adictiz","article_modified_time":"2026-04-30T11:57:42+00:00","twitter_card":"summary_large_image","twitter_misc":{"Tiempo de lectura":"5 minutos"},"schema":{"@context":"https:\/\/schema.org","@graph":[{"@type":"WebPage","@id":"https:\/\/www.adictiz.com\/es\/blog\/","url":"https:\/\/www.adictiz.com\/es\/blog\/","name":"El blog de marketing, gamificaci\u00f3n y recopilaci\u00f3n de datos | Adictiz","isPartOf":{"@id":"https:\/\/www.adictiz.com\/es\/#website"},"datePublished":"2022-09-21T08:35:43+00:00","dateModified":"2026-04-30T11:57:42+00:00","description":"Descubra nuestra selecci\u00f3n de art\u00edculos de blogs de marketing para reforzar su estrategia, atraer a su p\u00fablico y recopilar y activar datos.","breadcrumb":{"@id":"https:\/\/www.adictiz.com\/es\/blog\/#breadcrumb"},"inLanguage":"es","potentialAction":[{"@type":"ReadAction","target":["https:\/\/www.adictiz.com\/es\/blog\/"]}]},{"@type":"BreadcrumbList","@id":"https:\/\/www.adictiz.com\/es\/blog\/#breadcrumb","itemListElement":[{"@type":"ListItem","position":1,"name":"Accueil","item":"https:\/\/www.adictiz.com\/es\/"},{"@type":"ListItem","position":2,"name":"Blog"}]},{"@type":"WebSite","@id":"https:\/\/www.adictiz.com\/es\/#website","url":"https:\/\/www.adictiz.com\/es\/","name":"Adictiz","description":"Create fun games, collect serious data.","publisher":{"@id":"https:\/\/www.adictiz.com\/es\/#organization"},"potentialAction":[{"@type":"SearchAction","target":{"@type":"EntryPoint","urlTemplate":"https:\/\/www.adictiz.com\/es\/?s={search_term_string}"},"query-input":{"@type":"PropertyValueSpecification","valueRequired":true,"valueName":"search_term_string"}}],"inLanguage":"es"},{"@type":"Organization","@id":"https:\/\/www.adictiz.com\/es\/#organization","name":"Adictiz","url":"https:\/\/www.adictiz.com\/es\/","logo":{"@type":"ImageObject","inLanguage":"es","@id":"https:\/\/www.adictiz.com\/es\/#\/schema\/logo\/image\/","url":"https:\/\/www.adictiz.com\/wp-content\/uploads\/2023\/04\/Logo-adictiz-696.webp","contentUrl":"https:\/\/www.adictiz.com\/wp-content\/uploads\/2023\/04\/Logo-adictiz-696.webp","width":696,"height":696,"caption":"Adictiz"},"image":{"@id":"https:\/\/www.adictiz.com\/es\/#\/schema\/logo\/image\/"},"sameAs":["https:\/\/www.linkedin.com\/company\/adictiz\/"]}]}},"_links":{"self":[{"href":"https:\/\/www.adictiz.com\/es\/wp-json\/wp\/v2\/pages\/24370","targetHints":{"allow":["GET"]}}],"collection":[{"href":"https:\/\/www.adictiz.com\/es\/wp-json\/wp\/v2\/pages"}],"about":[{"href":"https:\/\/www.adictiz.com\/es\/wp-json\/wp\/v2\/types\/page"}],"author":[{"embeddable":true,"href":"https:\/\/www.adictiz.com\/es\/wp-json\/wp\/v2\/users\/4"}],"replies":[{"embeddable":true,"href":"https:\/\/www.adictiz.com\/es\/wp-json\/wp\/v2\/comments?post=24370"}],"version-history":[{"count":46,"href":"https:\/\/www.adictiz.com\/es\/wp-json\/wp\/v2\/pages\/24370\/revisions"}],"predecessor-version":[{"id":27608425,"href":"https:\/\/www.adictiz.com\/es\/wp-json\/wp\/v2\/pages\/24370\/revisions\/27608425"}],"wp:attachment":[{"href":"https:\/\/www.adictiz.com\/es\/wp-json\/wp\/v2\/media?parent=24370"}],"wp:term":[{"taxonomy":"dipi_cpt_category","embeddable":true,"href":"https:\/\/www.adictiz.com\/es\/wp-json\/wp\/v2\/dipi_cpt_category?post=24370"}],"curies":[{"name":"wp","href":"https:\/\/api.w.org\/{rel}","templated":true}]}}